{"id":67,"date":"2022-11-29T15:30:15","date_gmt":"2022-11-29T15:30:15","guid":{"rendered":"https:\/\/nviomaritimoterrestre.com\/?page_id=67"},"modified":"2025-01-16T16:09:20","modified_gmt":"2025-01-16T16:09:20","slug":"home","status":"publish","type":"page","link":"https:\/\/www.nviomaritimoterrestre.com\/en\/","title":{"rendered":"Home"},"content":{"rendered":"<p><span><img decoding=\"async\" alt=\"\" data-id=\"283\" width=\"446\" data-init-width=\"212.3\" height=\"188\" data-init-height=\"89.2\" title=\"Logo N-VIO Imports and exports\" src=\"http:\/\/nviomaritimoterrestre.com\/wp-content\/uploads\/2022\/12\/N-vio-logo-en.svg\" data-link-wrap=\"true\" data-width=\"446\" data-height=\"188\" style=\"aspect-ratio: auto 212 \/ 89.2;\" loading=\"lazy\"><\/span><\/p>\n<p style=\"\">Our logistics processes, customs procedures, and business development abroad services make us a valuable ally for your company.<\/p>\n<h1 style=\"text-align: center;\"><span style=\"--tcb-applied-color: var$(--tcb-color-0)  !important; color: var(--tcb-color-0);\">N-VIO Transporte<\/span><span>Maritime and Terrestrial Transportation<\/span><\/h1>\n<p><span data-id=\"icon-N-vio_airplane\"><\/span><\/p>\n<h4 style=\"\"><span style=\"color: rgb(98, 98, 98); --tcb-applied-color: var$(--tcb-color-0)  !important;\">Extensive experience across<\/span><strong><span style=\"color: var(--tcb-color-1); --tcb-applied-color: var$(--tcb-color-0)  !important;\">borders<\/span><\/strong><\/h4>\n<p><span data-id=\"icon-N-vio_train\"><\/span><\/p>\n<h4 style=\"\"><span style=\"--tcb-applied-color: rgb(255, 130, 109)  !important; color: rgb(98, 98, 98);\">We handdle<\/span><strong><span style=\"color: var(--tcb-color-1); --tcb-applied-color: var$(--tcb-color-0)  !important;\">different routes.<\/span><\/strong><\/h4>\n<p><span data-id=\"icon-N-vio_truck\"><\/span><\/p>\n<h4 style=\"\"><span style=\"--tcb-applied-color: rgb(255, 130, 109)  !important; color: rgb(98, 98, 98);\">International shipping and<\/span><strong>customs clearance.<\/strong><\/h4>\n<p><span data-id=\"icon-N-vio_sea\"><\/span><\/p>\n<h4 style=\"\"><span style=\"--tcb-applied-color: rgb(255, 130, 109)  !important; color: rgb(98, 98, 98);\">Transoceanic<\/span><strong><span style=\"color: var(--tcb-color-1); --tcb-applied-color: var$(--tcb-color-0)  !important;\">routes<\/span><\/strong><\/h4>\n<p><span><img decoding=\"async\" alt=\"\" data-id=\"283\" width=\"273\" data-init-width=\"212.3\" height=\"115\" data-init-height=\"89.2\" title=\"Logo N-VIO Imports and exports\" src=\"http:\/\/nviomaritimoterrestre.com\/wp-content\/uploads\/2022\/12\/N-vio-logo-en.svg\" data-width=\"273\" data-height=\"115\" style=\"aspect-ratio: auto 212 \/ 89.2;\" loading=\"lazy\"><\/span><\/p>\n<p style=\"text-align: center;\">We provide efficient and personalized services to solve your business needs beyond any borders.<\/p>\n<p style=\"text-align: center;\"><span data-colors=\"var(--tcb-color-1)\" data-highlight=\"0\" data-speed=\"1850\" data-typist=\"UNITED STATES|M\u00c9XICO|ESTADOS UNIDOS|CANADA|DEUTSCHLAND|\u4e2d\u534e\u4eba\u6c11\u5171\u548c\u56fd|AUSTRALIA|\u0627\u0644\u0625\u0645\u0627\u0631\u0627\u062a \u0627\u0644\u0639\u0631\u0628\u064a\u0629 \u0627\u0644\u0645\u062a\u062d\u062f\u0629\" style=\"text-align: center;\">M\u00c9XICO<\/span><\/p>\n<p><span><img decoding=\"async\" alt=\"mapa rutas de importaci\u00f3n y exportaci\u00f3n\" data-id=\"246\" width=\"989\" data-init-width=\"612\" height=\"573\" data-init-height=\"354.4\" title=\"mapa-envios-rutas\" src=\"\/\/nviomaritimoterrestre.com\/wp-content\/uploads\/2022\/12\/mapa-envios-rutas.svg\" data-link-wrap=\"true\" data-width=\"989\" data-height=\"573\" style=\"aspect-ratio: auto 612 \/ 354.4;\" loading=\"lazy\"><\/span><\/p>\n<p style=\"text-align: center;\"><strong><span>International<\/span><\/strong><\/p>\n<p style=\"text-align: center;\"><span><span><strong><\/strong><\/span><\/span><strong><span>trade<\/span><span> needs<\/span><\/strong><\/p>\n<p style=\"text-align: center;\"><span style=\"--tcb-applied-color: rgb(106, 107, 108)  !important; color: rgb(0, 0, 0);\">We are a team that can solve any international trade needs by optimizing quality and time.<\/span><\/p>\n<h3 style=\"\">Logistics<\/h3>\n<p style=\"\">We take care of all administrative matters to simplify the process and find the best way to provide efficient, effective, and safe services.<\/p>\n<h3 style=\"\">Development<\/h3>\n<p dir=\"ltr\" style=\"\">We find ways to grow with you.<\/p>\n<h3 style=\"\">Planning<\/h3>\n<p dir=\"ltr\" style=\"\">We review all administrative matters regarding exports, customs, payments, logistics, transportation, incoterms, and FTAs, among others.<\/p>\n<h3 style=\"\">Implementation<\/h3>\n<p dir=\"ltr\" style=\"\">We find potential customers or markets to provide our clients with business reliability.<\/p>\n<h3>Planning<\/h3>\n<p style=\"\">We review all administrative matters regarding exports, customs, payments, logistics, transportation, incoterms, and FTAs, among others.<\/p>\n<h3>Logistics<\/h3>\n<p style=\"\">We take care of all administrative matters to simplify the process and find the best way to provide efficient, effective, and safe services.<\/p>\n<h3>Implementation<\/h3>\n<p style=\"\">We find potential customers or markets to provide our clients with business reliability.<\/p>\n<h3>Development<\/h3>\n<p style=\"\">We find ways to grow with you.<\/p>\n<p style=\"text-align: center;\">Mission<\/p>\n<p style=\"\">Our mission is to build quality business relationships while our experience provides efficient, safe, and reliable services that go beyond all borders.<\/p>\n<p><span><img decoding=\"async\" alt=\"\" data-id=\"179\" width=\"473\" data-init-width=\"886\" height=\"315\" data-init-height=\"590\" title=\"eficiencia y rapidez en tramites aduanales\" src=\"\/\/nviomaritimoterrestre.com\/wp-content\/uploads\/2022\/11\/eficiencia-y-rapidez-en-tramites-aduanales.webp\" data-width=\"473\" data-height=\"315\" style=\"aspect-ratio: auto 886 \/ 590;\" loading=\"lazy\"><\/span><\/p>\n<p style=\"text-align: center;\">Vision<\/p>\n<p style=\"\">Our company strives to strengthen business development abroad by building on our relationships and generating value prospects for our clients.<\/p>\n<p><span><img decoding=\"async\" alt=\"\" data-id=\"178\" width=\"473\" data-init-width=\"824\" height=\"330\" data-init-height=\"576\" title=\"exportaciones-veloces\" src=\"\/\/nviomaritimoterrestre.com\/wp-content\/uploads\/2022\/11\/exportaciones-veloces.webp\" data-width=\"473\" data-height=\"330\" style=\"aspect-ratio: auto 824 \/ 576;\" loading=\"lazy\"><\/span><\/p>\n<p style=\"text-align: center;\">Values<\/p>\n<ul>\n<li><span style=\"\">Trust<\/span><\/li>\n<li><span style=\"\">Safety<\/span><\/li>\n<li><span style=\"\">Efficiency<\/span><\/li>\n<li><span style=\"\">Honesty<\/span><\/li>\n<li><span style=\"\">Accountability<\/span><\/li>\n<\/ul>\n<p><span><img decoding=\"async\" alt=\"\" data-id=\"177\" width=\"473\" data-init-width=\"862\" height=\"362\" data-init-height=\"660\" title=\"rutas-internacionales exportaciones\" src=\"\/\/nviomaritimoterrestre.com\/wp-content\/uploads\/2022\/11\/rutas-internacionales-exportaciones.webp\" data-width=\"473\" data-height=\"362\" style=\"aspect-ratio: auto 862 \/ 660;\" loading=\"lazy\"><\/span><\/p>\n<p style=\"\"><strong>Contact us<\/strong><\/p>\n<p style=\"\"><span style=\"\">SM 86 Puerto Juarez Camino a Punta Sam SM 86 MZ 53 Lote 1, 77500 Canc\u00fan, Q.R.<\/span><\/p>\n<p style=\"\"><span style=\"\">&nbsp;<a href=\"mailto:diana.guridi@nviomaritimoterrestre.com\" style=\"outline: none;\">contact@nviomaritimoterrestre.com<\/a><\/span><\/p>","protected":false},"excerpt":{"rendered":"<p>Somos un aliado de valor para tu empresa, en los procesos de log\u00edstica, tr\u00e1mite aduanal y el desarrollo comercial con el extranjero. N-VIO TransporteMar\u00edtimo y Terrestre Amplia experiencia cruzandofronteras Manejamosdiversas rutas Conocemos elmanejo aduanal RutasTransoce\u00e1nicas Solucionamos necesidades comerciales sin l\u00edmite de fronteras, de manera eficiente y personalizada. M\u00c9XICO Necesidades de Comercio Internacional Somos un equipo [&hellip;]<\/p>\n","protected":false},"author":1,"featured_media":103,"parent":0,"menu_order":0,"comment_status":"closed","ping_status":"closed","template":"","meta":{"_monsterinsights_skip_tracking":false,"_monsterinsights_sitenote_active":false,"_monsterinsights_sitenote_note":"","_monsterinsights_sitenote_category":0},"yoast_head":"<!-- This site is optimized with the Yoast SEO plugin v20.11 - https:\/\/yoast.com\/wordpress\/plugins\/seo\/ -->\n<title>Home - N-VIO<\/title>\n<meta name=\"description\" content=\"Somos un aliado de valor para tu empresa, en los procesos de log\u00edstica, tr\u00e1mite aduanal y el desarrollo comercial con el extranjero.\" \/>\n<meta name=\"robots\" content=\"index, follow, max-snippet:-1, max-image-preview:large, max-video-preview:-1\" \/>\n<link rel=\"canonical\" href=\"https:\/\/54.88.173.232\/\" \/>\n<meta property=\"og:locale\" content=\"en_US\" \/>\n<meta property=\"og:type\" content=\"article\" \/>\n<meta property=\"og:title\" content=\"N-VIO Transporte Mar\u00edtimo y Terrestre\" \/>\n<meta property=\"og:description\" content=\"Somos un aliado de valor para tu empresa, en los procesos de log\u00edstica, tr\u00e1mite aduanal y el desarrollo comercial con el extranjero.\" \/>\n<meta property=\"og:url\" content=\"https:\/\/54.88.173.232\/\" \/>\n<meta property=\"og:site_name\" content=\"N-VIO\" \/>\n<meta property=\"article:modified_time\" content=\"2025-01-16T16:09:20+00:00\" \/>\n<meta property=\"og:image\" content=\"https:\/\/54.88.173.232\/wp-content\/uploads\/2022\/12\/Envios-transnacionales-550x522-1.webp\" \/>\n\t<meta property=\"og:image:width\" content=\"550\" \/>\n\t<meta property=\"og:image:height\" content=\"522\" \/>\n\t<meta property=\"og:image:type\" content=\"image\/webp\" \/>\n<meta name=\"twitter:card\" content=\"summary_large_image\" \/>\n<meta name=\"twitter:title\" content=\"N-VIO Transporte Mar\u00edtimo y Terrestre\" \/>\n<meta name=\"twitter:description\" content=\"Somos un aliado de valor para tu empresa, en los procesos de log\u00edstica, tr\u00e1mite aduanal y el desarrollo comercial con el extranjero.\" \/>\n<meta name=\"twitter:image\" content=\"https:\/\/www.nviomaritimoterrestre.com\/wp-content\/uploads\/2022\/12\/Envios-transnacionales-550x522-1.webp\" \/>\n<meta name=\"twitter:label1\" content=\"Est. reading time\" \/>\n\t<meta name=\"twitter:data1\" content=\"3 minutes\" \/>\n<script type=\"application\/ld+json\" class=\"yoast-schema-graph\">{\"@context\":\"https:\/\/schema.org\",\"@graph\":[{\"@type\":\"WebPage\",\"@id\":\"https:\/\/54.88.173.232\/\",\"url\":\"https:\/\/54.88.173.232\/\",\"name\":\"Home - N-VIO\",\"isPartOf\":{\"@id\":\"https:\/\/54.88.173.232\/#website\"},\"datePublished\":\"2022-11-29T15:30:15+00:00\",\"dateModified\":\"2025-01-16T16:09:20+00:00\",\"description\":\"Somos un aliado de valor para tu empresa, en los procesos de log\u00edstica, tr\u00e1mite aduanal y el desarrollo comercial con el extranjero.\",\"breadcrumb\":{\"@id\":\"https:\/\/54.88.173.232\/#breadcrumb\"},\"inLanguage\":\"en-US\",\"potentialAction\":[{\"@type\":\"ReadAction\",\"target\":[\"https:\/\/54.88.173.232\/\"]}]},{\"@type\":\"BreadcrumbList\",\"@id\":\"https:\/\/54.88.173.232\/#breadcrumb\",\"itemListElement\":[{\"@type\":\"ListItem\",\"position\":1,\"name\":\"Home\",\"item\":\"https:\/\/54.88.173.232\/\"},{\"@type\":\"ListItem\",\"position\":2,\"name\":\"Home\"}]},{\"@type\":\"WebSite\",\"@id\":\"https:\/\/54.88.173.232\/#website\",\"url\":\"https:\/\/54.88.173.232\/\",\"name\":\"N-VIO\",\"description\":\"Empresa dedicada a la importaci\u00f3n y exportaci\u00f3n mar\u00edtima y terrestre\",\"potentialAction\":[{\"@type\":\"SearchAction\",\"target\":{\"@type\":\"EntryPoint\",\"urlTemplate\":\"https:\/\/54.88.173.232\/?s={search_term_string}\"},\"query-input\":\"required name=search_term_string\"}],\"inLanguage\":\"en-US\"}]}<\/script>\n<!-- \/ Yoast SEO plugin. -->","yoast_head_json":{"title":"Home - N-VIO","description":"Our logistics processes, customs procedures, and business development abroad services make us a valuable ally for your company.","robots":{"index":"index","follow":"follow","max-snippet":"max-snippet:-1","max-image-preview":"max-image-preview:large","max-video-preview":"max-video-preview:-1"},"canonical":"https:\/\/54.88.173.232\/","og_locale":"en_US","og_type":"article","og_title":"N-VIO Transporte Mar\u00edtimo y Terrestre","og_description":"Somos un aliado de valor para tu empresa, en los procesos de log\u00edstica, tr\u00e1mite aduanal y el desarrollo comercial con el extranjero.","og_url":"https:\/\/54.88.173.232\/","og_site_name":"N-VIO","article_modified_time":"2025-01-16T16:09:20+00:00","og_image":[{"width":550,"height":522,"url":"https:\/\/54.88.173.232\/wp-content\/uploads\/2022\/12\/Envios-transnacionales-550x522-1.webp","type":"image\/webp"}],"twitter_card":"summary_large_image","twitter_title":"N-VIO Transporte Mar\u00edtimo y Terrestre","twitter_description":"Somos un aliado de valor para tu empresa, en los procesos de log\u00edstica, tr\u00e1mite aduanal y el desarrollo comercial con el extranjero.","twitter_image":"https:\/\/www.nviomaritimoterrestre.com\/wp-content\/uploads\/2022\/12\/Envios-transnacionales-550x522-1.webp","twitter_misc":{"Est. reading time":"3 minutes"},"schema":{"@context":"https:\/\/schema.org","@graph":[{"@type":"WebPage","@id":"https:\/\/54.88.173.232\/","url":"https:\/\/54.88.173.232\/","name":"Home - N-VIO","isPartOf":{"@id":"https:\/\/54.88.173.232\/#website"},"datePublished":"2022-11-29T15:30:15+00:00","dateModified":"2025-01-16T16:09:20+00:00","description":"Our logistics processes, customs procedures, and business development abroad services make us a valuable ally for your company.","breadcrumb":{"@id":"https:\/\/54.88.173.232\/#breadcrumb"},"inLanguage":"en-US","potentialAction":[{"@type":"ReadAction","target":["https:\/\/54.88.173.232\/"]}]},{"@type":"BreadcrumbList","@id":"https:\/\/54.88.173.232\/#breadcrumb","itemListElement":[{"@type":"ListItem","position":1,"name":"Home","item":"https:\/\/54.88.173.232\/"},{"@type":"ListItem","position":2,"name":"Home"}]},{"@type":"WebSite","@id":"https:\/\/54.88.173.232\/#website","url":"https:\/\/54.88.173.232\/","name":"N-VIO","description":"Empresa dedicada a la importaci\u00f3n y exportaci\u00f3n mar\u00edtima y terrestre","potentialAction":[{"@type":"SearchAction","target":{"@type":"EntryPoint","urlTemplate":"https:\/\/54.88.173.232\/?s={search_term_string}"},"query-input":"required name=search_term_string"}],"inLanguage":"en-US"}]}},"_links":{"self":[{"href":"https:\/\/www.nviomaritimoterrestre.com\/en\/wp-json\/wp\/v2\/pages\/67"}],"collection":[{"href":"https:\/\/www.nviomaritimoterrestre.com\/en\/wp-json\/wp\/v2\/pages"}],"about":[{"href":"https:\/\/www.nviomaritimoterrestre.com\/en\/wp-json\/wp\/v2\/types\/page"}],"author":[{"embeddable":true,"href":"https:\/\/www.nviomaritimoterrestre.com\/en\/wp-json\/wp\/v2\/users\/1"}],"replies":[{"embeddable":true,"href":"https:\/\/www.nviomaritimoterrestre.com\/en\/wp-json\/wp\/v2\/comments?post=67"}],"version-history":[{"count":179,"href":"https:\/\/www.nviomaritimoterrestre.com\/en\/wp-json\/wp\/v2\/pages\/67\/revisions"}],"predecessor-version":[{"id":372,"href":"https:\/\/www.nviomaritimoterrestre.com\/en\/wp-json\/wp\/v2\/pages\/67\/revisions\/372"}],"wp:featuredmedia":[{"embeddable":true,"href":"https:\/\/www.nviomaritimoterrestre.com\/en\/wp-json\/wp\/v2\/media\/103"}],"wp:attachment":[{"href":"https:\/\/www.nviomaritimoterrestre.com\/en\/wp-json\/wp\/v2\/media?parent=67"}],"curies":[{"name":"wp","href":"https:\/\/api.w.org\/{rel}","templated":true}]}}