{"id":318,"date":"2023-02-21T03:53:25","date_gmt":"2023-02-21T03:53:25","guid":{"rendered":"https:\/\/nviomaritimoterrestre.com\/?page_id=318"},"modified":"2023-02-21T19:52:20","modified_gmt":"2023-02-21T19:52:20","slug":"cafe","status":"publish","type":"page","link":"https:\/\/www.nviomaritimoterrestre.com\/en\/cafe\/","title":{"rendered":"Coffee"},"content":{"rendered":"<p><span><img decoding=\"async\" alt=\"\" data-id=\"331\" width=\"1080\" data-init-width=\"1350\" height=\"823\" data-init-height=\"1029\" title=\"Export-N-vio-coffee\" src=\"\/\/nviomaritimoterrestre.com\/wp-content\/uploads\/2023\/02\/Export-N-vio-coffee.webp\" data-width=\"1080\" data-height=\"823\" loading=\"lazy\"><\/span><\/p>","protected":false},"excerpt":{"rendered":"","protected":false},"author":1,"featured_media":0,"parent":0,"menu_order":0,"comment_status":"closed","ping_status":"closed","template":"","meta":{"_monsterinsights_skip_tracking":false,"_monsterinsights_sitenote_active":false,"_monsterinsights_sitenote_note":"","_monsterinsights_sitenote_category":0},"yoast_head":"<!-- This site is optimized with the Yoast SEO plugin v20.11 - https:\/\/yoast.com\/wordpress\/plugins\/seo\/ -->\n<title>Cafe - N-VIO<\/title>\n<meta name=\"robots\" content=\"index, follow, max-snippet:-1, max-image-preview:large, max-video-preview:-1\" \/>\n<link rel=\"canonical\" href=\"http:\/\/3.208.11.222\/cafe\/\" \/>\n<meta property=\"og:locale\" content=\"en_US\" \/>\n<meta property=\"og:type\" content=\"article\" \/>\n<meta property=\"og:title\" content=\"Cafe - N-VIO\" \/>\n<meta property=\"og:url\" content=\"http:\/\/3.208.11.222\/cafe\/\" \/>\n<meta property=\"og:site_name\" content=\"N-VIO\" \/>\n<meta property=\"article:modified_time\" content=\"2023-02-21T19:52:20+00:00\" \/>\n<meta name=\"twitter:card\" content=\"summary_large_image\" \/>\n<script type=\"application\/ld+json\" class=\"yoast-schema-graph\">{\"@context\":\"https:\/\/schema.org\",\"@graph\":[{\"@type\":\"WebPage\",\"@id\":\"http:\/\/3.208.11.222\/cafe\/\",\"url\":\"http:\/\/3.208.11.222\/cafe\/\",\"name\":\"Cafe - N-VIO\",\"isPartOf\":{\"@id\":\"https:\/\/54.88.173.232\/#website\"},\"datePublished\":\"2023-02-21T03:53:25+00:00\",\"dateModified\":\"2023-02-21T19:52:20+00:00\",\"breadcrumb\":{\"@id\":\"http:\/\/3.208.11.222\/cafe\/#breadcrumb\"},\"inLanguage\":\"en-US\",\"potentialAction\":[{\"@type\":\"ReadAction\",\"target\":[\"http:\/\/3.208.11.222\/cafe\/\"]}]},{\"@type\":\"BreadcrumbList\",\"@id\":\"http:\/\/3.208.11.222\/cafe\/#breadcrumb\",\"itemListElement\":[{\"@type\":\"ListItem\",\"position\":1,\"name\":\"Home\",\"item\":\"https:\/\/54.88.173.232\/\"},{\"@type\":\"ListItem\",\"position\":2,\"name\":\"Cafe\"}]},{\"@type\":\"WebSite\",\"@id\":\"https:\/\/54.88.173.232\/#website\",\"url\":\"https:\/\/54.88.173.232\/\",\"name\":\"N-VIO\",\"description\":\"Empresa dedicada a la importaci\u00f3n y exportaci\u00f3n mar\u00edtima y terrestre\",\"potentialAction\":[{\"@type\":\"SearchAction\",\"target\":{\"@type\":\"EntryPoint\",\"urlTemplate\":\"https:\/\/54.88.173.232\/?s={search_term_string}\"},\"query-input\":\"required name=search_term_string\"}],\"inLanguage\":\"en-US\"}]}<\/script>\n<!-- \/ Yoast SEO plugin. -->","yoast_head_json":{"title":"Cafe - N-VIO","robots":{"index":"index","follow":"follow","max-snippet":"max-snippet:-1","max-image-preview":"max-image-preview:large","max-video-preview":"max-video-preview:-1"},"canonical":"http:\/\/3.208.11.222\/cafe\/","og_locale":"en_US","og_type":"article","og_title":"Cafe - N-VIO","og_url":"http:\/\/3.208.11.222\/cafe\/","og_site_name":"N-VIO","article_modified_time":"2023-02-21T19:52:20+00:00","twitter_card":"summary_large_image","schema":{"@context":"https:\/\/schema.org","@graph":[{"@type":"WebPage","@id":"http:\/\/3.208.11.222\/cafe\/","url":"http:\/\/3.208.11.222\/cafe\/","name":"Cafe - N-VIO","isPartOf":{"@id":"https:\/\/54.88.173.232\/#website"},"datePublished":"2023-02-21T03:53:25+00:00","dateModified":"2023-02-21T19:52:20+00:00","breadcrumb":{"@id":"http:\/\/3.208.11.222\/cafe\/#breadcrumb"},"inLanguage":"en-US","potentialAction":[{"@type":"ReadAction","target":["http:\/\/3.208.11.222\/cafe\/"]}]},{"@type":"BreadcrumbList","@id":"http:\/\/3.208.11.222\/cafe\/#breadcrumb","itemListElement":[{"@type":"ListItem","position":1,"name":"Home","item":"https:\/\/54.88.173.232\/"},{"@type":"ListItem","position":2,"name":"Cafe"}]},{"@type":"WebSite","@id":"https:\/\/54.88.173.232\/#website","url":"https:\/\/54.88.173.232\/","name":"N-VIO","description":"Empresa dedicada a la importaci\u00f3n y exportaci\u00f3n mar\u00edtima y terrestre","potentialAction":[{"@type":"SearchAction","target":{"@type":"EntryPoint","urlTemplate":"https:\/\/54.88.173.232\/?s={search_term_string}"},"query-input":"required name=search_term_string"}],"inLanguage":"en-US"}]}},"_links":{"self":[{"href":"https:\/\/www.nviomaritimoterrestre.com\/en\/wp-json\/wp\/v2\/pages\/318"}],"collection":[{"href":"https:\/\/www.nviomaritimoterrestre.com\/en\/wp-json\/wp\/v2\/pages"}],"about":[{"href":"https:\/\/www.nviomaritimoterrestre.com\/en\/wp-json\/wp\/v2\/types\/page"}],"author":[{"embeddable":true,"href":"https:\/\/www.nviomaritimoterrestre.com\/en\/wp-json\/wp\/v2\/users\/1"}],"replies":[{"embeddable":true,"href":"https:\/\/www.nviomaritimoterrestre.com\/en\/wp-json\/wp\/v2\/comments?post=318"}],"version-history":[{"count":9,"href":"https:\/\/www.nviomaritimoterrestre.com\/en\/wp-json\/wp\/v2\/pages\/318\/revisions"}],"predecessor-version":[{"id":332,"href":"https:\/\/www.nviomaritimoterrestre.com\/en\/wp-json\/wp\/v2\/pages\/318\/revisions\/332"}],"wp:attachment":[{"href":"https:\/\/www.nviomaritimoterrestre.com\/en\/wp-json\/wp\/v2\/media?parent=318"}],"curies":[{"name":"wp","href":"https:\/\/api.w.org\/{rel}","templated":true}]}}